{"id":9,"date":"2020-06-23T12:34:23","date_gmt":"2020-06-23T12:34:23","guid":{"rendered":"http:\/\/consto.themezinho.net\/?page_id=9"},"modified":"2023-09-25T06:25:46","modified_gmt":"2023-09-25T06:25:46","slug":"home","status":"publish","type":"page","link":"https:\/\/www.albavia.al\/sq\/","title":{"rendered":"Home"},"content":{"rendered":"<p>[vc_row motts_theme_padding=&#8221;no&#8221; css=&#8221;.vc_custom_1592942836378{margin-right: 0px !important;margin-left: 0px !important;}&#8221;][vc_column css=&#8221;.vc_custom_1592942827926{padding-right: 0px !important;padding-left: 0px !important;}&#8221;][ts_hero_slider hero_slider=&#8221;13&#8243;][\/vc_column][\/vc_row][vc_row use_container=&#8221;yes&#8221;][vc_column offset=&#8221;vc_col-md-4&#8243;][ts_icon_box icon=&#8221;407&#8243; title=&#8221;Reputacion p\u00ebr Ekselenc\u00eb&#8221; description=&#8221;Albavia Construction krenohet me realizimin e projekteve me cil\u00ebsi t\u00eb lart\u00eb n\u00eb fush\u00ebn e nd\u00ebrtimit. Ekipi yn\u00eb ka fituar \u00e7mime t\u00eb shumta gjat\u00eb viteve si mir\u00ebnjohje p\u00ebr p\u00ebrpjekjet e tij.&#8221; link_url=&#8221;\/website\/albavia\/services\/&#8221;][\/vc_column][vc_column offset=&#8221;vc_col-md-4&#8243;][ts_icon_box icon=&#8221;404&#8243; title=&#8221;Nj\u00eb Skuad\u00ebr Profesionist\u00ebsh&#8221; description=&#8221;Ne besojm\u00eb se mund\u00ebsit\u00eb e vazhdueshme p\u00ebr rritje dhe m\u00ebsim rrit fuqin\u00eb e ekipit ton\u00eb dhe na ndihmon t\u00eb inovojm\u00eb dhe t\u00eb krijojm\u00eb zgjidhje nd\u00ebrtimi cil\u00ebsore p\u00ebr klient\u00ebt tan\u00eb&#8221; link_url=&#8221;\/website\/albavia\/services\/&#8221;][\/vc_column][vc_column offset=&#8221;vc_col-md-4&#8243;][ts_icon_box icon=&#8221;596&#8243; title=&#8221;Vlera Thelb\u00ebsore t\u00eb Q\u00ebndrueshme&#8221; description=&#8221;N\u00eb Albavia, ne jemi po aq t\u00eb mir\u00eb sa vlerat q\u00eb ofrojm\u00eb dhe marr\u00ebdh\u00ebniet q\u00eb nd\u00ebrtojm\u00eb. Kjo \u00ebsht\u00eb arsyeja pse ne besojm\u00eb n\u00eb vendosjen e cil\u00ebsis\u00eb, kultur\u00ebs, siguris\u00eb dhe klient\u00ebve p\u00ebrpara fitimit.&#8221; link_url=&#8221;\/website\/albavia\/services\/&#8221;][\/vc_column][\/vc_row][vc_row motts_theme_padding=&#8221;no&#8221; css=&#8221;.vc_custom_1592992313760{margin-right: 0px !important;margin-left: 0px !important;}&#8221;][vc_column][vc_row_inner][vc_column_inner][ts_section_title tagline=&#8221;HISTORIA JON\u00cb&#8221; title=&#8221;Nd\u00ebrtoni t\u00eb ardhmen<br \/>\nRind\u00ebrtoni t\u00eb shkuar\u00ebn&#8221;][\/vc_column_inner][\/vc_row_inner][\/vc_column][\/vc_row][vc_row motts_theme_padding=&#8221;no&#8221;][vc_column width=&#8221;1\/2&#8243;][vc_row_inner css=&#8221;.vc_custom_1635715632738{margin-right: 0px !important;margin-left: 0px !important;border-right-width: 0px !important;border-left-width: 0px !important;padding-right: 0px !important;padding-left: 0px !important;}&#8221;][vc_column_inner css=&#8221;.vc_custom_1635716181634{padding-right: 0px !important;padding-left: 0px !important;}&#8221;][ts_side_image image=&#8221;754&#8243;][\/vc_column_inner][\/vc_row_inner][\/vc_column][vc_column width=&#8221;1\/2&#8243;][vc_row_inner wrap_container=&#8221;yes&#8221; css=&#8221;.vc_custom_1635716219030{padding-right: 0px !important;padding-left: 0px !important;}&#8221;][vc_column_inner css=&#8221;.vc_custom_1635716203697{padding-right: 0px !important;padding-left: 0px !important;}&#8221;][ts_side_content title=&#8221;Rreth Albavia&#8221; description=&#8221;Albavia nj\u00eb kompani nd\u00ebrtimi e themeluar n\u00eb Shqip\u00ebri n\u00eb 19 Mars 1998. N\u00eb marr\u00ebveshjen e bashk\u00ebpunimit nd\u00ebrmjet Partner\u00ebve Lokal dhe Kompanis\u00eb Franceze \u201cEUROVIA\u201d sh.a., nj\u00eb nga kompanit\u00eb lider europiane, pjes\u00eb e Grupit VINCI \u2013 FRANCE.<\/p>\n<p>Aktiviteti \u00ebsht\u00eb i shtrir\u00eb n\u00eb t\u00eb gjith\u00eb territorin e Shqip\u00ebris\u00eb dhe q\u00eb nga viti 2010 e kemi shtrir\u00eb aktivitetin ton\u00eb edhe n\u00eb Rajon.&#8221;][\/vc_column_inner][\/vc_row_inner][vc_row_inner wrap_container=&#8221;yes&#8221; css=&#8221;.vc_custom_1635715912232{padding-right: 20px !important;padding-left: 20px !important;}&#8221;][vc_column_inner width=&#8221;1\/2&#8243;][vc_single_image image=&#8221;398&#8243; img_size=&#8221;full&#8221; alignment=&#8221;center&#8221;][vc_column_text]<strong>Shkelqim Rakipaj<\/strong><\/p>\n<p>Administrator[\/vc_column_text][\/vc_column_inner][vc_column_inner width=&#8221;1\/2&#8243;][vc_single_image image=&#8221;885&#8243; img_size=&#8221;full&#8221; alignment=&#8221;center&#8221;][vc_column_text]<strong>Hasan Hafizi<\/strong><\/p>\n<p>Administrator[\/vc_column_text][\/vc_column_inner][\/vc_row_inner][\/vc_column][\/vc_row][vc_row use_container=&#8221;yes&#8221;][vc_column width=&#8221;1\/2&#8243; offset=&#8221;vc_col-md-3&#8243;][ts_counter_box tagline=&#8221;2234&#8243; title=&#8221;Punonj\u00ebs&#8221; value=&#8221;200&#8243; description=&#8221;Ekipi yn\u00eb \u00ebsht\u00eb themeli i suksesit ton\u00eb.&#8221; symbol=&#8221;+&#8221;][\/vc_column][vc_column width=&#8221;1\/2&#8243; offset=&#8221;vc_col-md-3&#8243;][ts_counter_box tagline=&#8221;2234&#8243; title=&#8221;Projektet t\u00eb P\u00ebrfunduara&#8221; value=&#8221;70&#8243; symbol=&#8221;+&#8221; description=&#8221;Ne kemi p\u00ebrfunduar \u00e7do projekt me cil\u00ebsi dhe n\u00eb koh\u00eb&#8221;][\/vc_column][vc_column width=&#8221;1\/2&#8243; offset=&#8221;vc_col-md-3&#8243;][ts_counter_box tagline=&#8221;2234&#8243; title=&#8221;Vite Eksperienc\u00eb&#8221; value=&#8221;25&#8243; description=&#8221;P\u00ebrvoja jon\u00eb n\u00eb fush\u00ebn e nd\u00ebrtimit na ka dalluar nga konkurrent\u00ebt e tjer\u00eb&#8221;][\/vc_column][vc_column width=&#8221;1\/2&#8243; offset=&#8221;vc_col-md-3&#8243;][ts_counter_box tagline=&#8221;2234&#8243; title=&#8221;Makineri Nd\u00ebrtimi&#8221; value=&#8221;150&#8243; symbol=&#8221;+&#8221; description=&#8221;Nj\u00eb gam\u00eb e gjer\u00eb makinerish q\u00eb mbulojn\u00eb \u00e7do proces n\u00eb fush\u00ebn e nd\u00ebrtimit&#8221;][\/vc_column][\/vc_row][vc_row section_background_color=&#8221;#f7f6f1&#8243; use_predefined_class=&#8221;yes&#8221; predefined_class=&#8221;white-space-bottom&#8221; css=&#8221;.vc_custom_1593002326565{margin-right: 0px !important;margin-left: 0px !important;}&#8221;][vc_column][vc_row_inner wrap_container=&#8221;yes&#8221; css=&#8221;.vc_custom_1592996341482{margin-right: 0px !important;margin-left: 0px !important;padding-right: 0px !important;padding-left: 0px !important;}&#8221;][vc_column_inner offset=&#8221;vc_col-md-7&#8243; css=&#8221;.vc_custom_1593002365639{padding-right: 0px !important;padding-left: 0px !important;}&#8221;][ts_section_title align=&#8221;left&#8221; tagline=&#8221;PROJEKTET E ZGJEDHURA&#8221; title=&#8221;Projektet e p\u00ebrfunduara&#8221;][\/vc_column_inner][vc_column_inner offset=&#8221;vc_col-md-5&#8243; css=&#8221;.vc_custom_1593002372445{padding-right: 0px !important;padding-left: 0px !important;}&#8221;][vc_column_text]Angazhimi yn\u00eb p\u00ebr projekte nd\u00ebrtimi me cil\u00ebsi t\u00eb lart\u00eb p\u00ebrfshin m\u00eb shum\u00eb se 25 vjet p\u00ebrvoj\u00eb[\/vc_column_text][\/vc_column_inner][\/vc_row_inner][vc_row_inner][vc_column_inner css=&#8221;.vc_custom_1593002339240{padding-right: 0px !important;padding-left: 0px !important;}&#8221;][ts_project_slider details=&#8221;%5B%7B%22image%22%3A%22476%22%2C%22title%22%3A%22Reconstruction%20of%20Ura%20Vajgurore%20Road%20-%20Pashalli%20Bistrovice%22%2C%22description%22%3A%22The%20building%20opened%20in%202020%20and%20includes%20more%20than%20120%2B%20flats%22%2C%22link_url%22%3A%22%2Fwebsite%2Falbavia%2Fproject%2Fura-vajgurore-road%2F%22%7D%2C%7B%22image%22%3A%22482%22%2C%22title%22%3A%22Reconstructing%20of%20National%20road%20-%20Dajc%22%2C%22description%22%3A%22The%20building%20opened%20in%202020%20and%20includes%20more%20than%20120%2B%20flats%22%2C%22link_url%22%3A%22%2Fwebsite%2Falbavia%2Fproject%2Freconstructing-road-segment-national-road-dajc%2F%22%7D%2C%7B%22image%22%3A%22477%22%2C%22title%22%3A%22Unaza%20e%20Tiranes%22%2C%22description%22%3A%22The%20building%20opened%20in%202020%20and%20includes%20more%20than%20120%2B%20flats%22%2C%22link_url%22%3A%22%2Fwebsite%2Falbavia%2Fproject%2Funaza-e-tiranes%2F%22%7D%2C%7B%22image%22%3A%22489%22%2C%22title%22%3A%22Construction%20of%20By-Pass%20road%20Plepa-Kavaja-Rrogozhina%22%2C%22link_url%22%3A%22%2Fwebsite%2Falbavia%2Fproject%2Fconstruction-of-by-pass-road-plepa-kavaja-rrogozhina%2F%22%7D%5D&#8221;][\/vc_column_inner][\/vc_row_inner][\/vc_column][\/vc_row][vc_row section_background_color=&#8221;#f7f6f1&#8243; motts_theme_padding=&#8221;no&#8221; use_container=&#8221;yes&#8221; use_predefined_class=&#8221;yes&#8221; predefined_class=&#8221;white-space-top&#8221;][vc_column][vc_row_inner][vc_column_inner][ts_video_box url=&#8221;http:\/\/www.albavia.al\/wp-content\/uploads\/2021\/10\/Untitled2.mov&#8221;][\/vc_column_inner][\/vc_row_inner][vc_row_inner][vc_column_inner css=&#8221;.vc_custom_1632079784077{margin-top: -200px !important;margin-bottom: 50px !important;}&#8221;][ts_testimonials_slider details=&#8221;%5B%7B%22testimonial%22%3A%22Projektet%20q%C3%AB%20kemi%20p%C3%ABrfunduar%20tregojn%C3%AB%20at%C3%AB%20q%C3%AB%20dim%C3%AB.%20Projektet%20e%20ardhshme%20vendosin%20se%20%C3%A7far%C3%AB%20do%20t%C3%AB%20m%C3%ABsojm%C3%AB.%22%2C%22name%22%3A%22%20%22%2C%22brand%22%3A%22%20%22%7D%2C%7B%22testimonial%22%3A%22T%C3%AB%20bashkuarit%20%C3%ABsht%C3%AB%20Fillimi.%20T%C3%AB%20q%C3%ABndrosh%20s%C3%AB%20bashku%20%C3%ABsht%C3%AB%20p%C3%ABrparim.%20T%C3%AB%20punosh%20s%C3%AB%20bashku%20%C3%ABsht%C3%AB%20sukses.%22%2C%22name%22%3A%22%20%22%2C%22brand%22%3A%22%20%22%7D%5D&#8221;][\/vc_column_inner][\/vc_row_inner][\/vc_column][\/vc_row][vc_row use_container=&#8221;yes&#8221; css=&#8221;.vc_custom_1593083239509{padding-right: 15px !important;padding-left: 15px !important;}&#8221;][vc_column][vc_row_inner css=&#8221;.vc_custom_1593083105658{padding-right: 0px !important;padding-left: 0px !important;}&#8221;][vc_column_inner css=&#8221;.vc_custom_1593083200046{padding-right: 0px !important;padding-left: 0px !important;}&#8221;][ts_section_title align=&#8221;left&#8221; title=&#8221;Sektor\u00ebt n\u00eb t\u00eb cil\u00ebt punojm\u00eb&#8221; tagline=&#8221;Ekspertiza jon\u00eb&#8221;][\/vc_column_inner][\/vc_row_inner][vc_row_inner][vc_column_inner width=&#8221;1\/3&#8243; css=&#8221;.vc_custom_1592996185410{padding-right: 0px !important;padding-left: 0px !important;}&#8221;][ts_sector_box title=&#8221;Infrastruktur\u00eb&#8221; url=&#8221;\/website\/albavia\/services\/&#8221;][\/vc_column_inner][vc_column_inner width=&#8221;1\/3&#8243; css=&#8221;.vc_custom_1592996196129{padding-right: 0px !important;padding-left: 0px !important;}&#8221;][ts_sector_box title=&#8221;Nd\u00ebrtime Civile&#8221; url=&#8221;\/website\/albavia\/services\/&#8221;][\/vc_column_inner][vc_column_inner width=&#8221;1\/3&#8243; css=&#8221;.vc_custom_1592996205555{padding-right: 0px !important;padding-left: 0px !important;}&#8221;][ts_sector_box title=&#8221;Uj\u00ebsjell\u00ebs&#8221; url=&#8221;\/website\/albavia\/services\/&#8221;][\/vc_column_inner][\/vc_row_inner][vc_row_inner][vc_column_inner width=&#8221;1\/3&#8243; css=&#8221;.vc_custom_1592996185410{padding-right: 0px !important;padding-left: 0px !important;}&#8221;][ts_sector_box title=&#8221;Hidroenergji&#8221; url=&#8221;\/website\/albavia\/services\/&#8221;][\/vc_column_inner][vc_column_inner width=&#8221;1\/3&#8243; css=&#8221;.vc_custom_1592996196129{padding-right: 0px !important;padding-left: 0px !important;}&#8221;][ts_sector_box title=&#8221;Fabrik\u00eb Asfalti&#8221; url=&#8221;\/website\/albavia\/services\/&#8221;][\/vc_column_inner][\/vc_row_inner][\/vc_column][\/vc_row][vc_row][vc_column][\/vc_column][\/vc_row]<\/p>\n","protected":false},"excerpt":{"rendered":"<p>[vc_row motts_theme_padding=&#8221;no&#8221; css=&#8221;.vc_custom_1592942836378{margin-right: 0px !important;margin-left: 0px !important;}&#8221;][vc_column css=&#8221;.vc_custom_1592942827926{padding-right: 0px !important;padding-left: 0px !important;}&#8221;][ts_hero_slider hero_slider=&#8221;13&#8243;][\/vc_column][\/vc_row][vc_row use_container=&#8221;yes&#8221;][vc_column offset=&#8221;vc_col-md-4&#8243;][ts_icon_box icon=&#8221;407&#8243; title=&#8221;Reputacion p\u00ebr Ekselenc\u00eb&#8221; description=&#8221;Albavia Construction krenohet me realizimin e projekteve me cil\u00ebsi t\u00eb lart\u00eb n\u00eb fush\u00ebn e nd\u00ebrtimit. Ekipi yn\u00eb ka fituar \u00e7mime t\u00eb shumta gjat\u00eb viteve si mir\u00ebnjohje p\u00ebr p\u00ebrpjekjet e tij.&#8221; link_url=&#8221;\/website\/albavia\/services\/&#8221;][\/vc_column][vc_column offset=&#8221;vc_col-md-4&#8243;][ts_icon_box icon=&#8221;404&#8243; title=&#8221;Nj\u00eb Skuad\u00ebr Profesionist\u00ebsh&#8221; [&hellip;]<\/p>\n","protected":false},"author":1,"featured_media":0,"parent":0,"menu_order":0,"comment_status":"closed","ping_status":"closed","template":"page-builder.php","meta":{"footnotes":""},"_links":{"self":[{"href":"https:\/\/www.albavia.al\/sq\/wp-json\/wp\/v2\/pages\/9"}],"collection":[{"href":"https:\/\/www.albavia.al\/sq\/wp-json\/wp\/v2\/pages"}],"about":[{"href":"https:\/\/www.albavia.al\/sq\/wp-json\/wp\/v2\/types\/page"}],"author":[{"embeddable":true,"href":"https:\/\/www.albavia.al\/sq\/wp-json\/wp\/v2\/users\/1"}],"replies":[{"embeddable":true,"href":"https:\/\/www.albavia.al\/sq\/wp-json\/wp\/v2\/comments?post=9"}],"version-history":[{"count":94,"href":"https:\/\/www.albavia.al\/sq\/wp-json\/wp\/v2\/pages\/9\/revisions"}],"predecessor-version":[{"id":895,"href":"https:\/\/www.albavia.al\/sq\/wp-json\/wp\/v2\/pages\/9\/revisions\/895"}],"wp:attachment":[{"href":"https:\/\/www.albavia.al\/sq\/wp-json\/wp\/v2\/media?parent=9"}],"curies":[{"name":"wp","href":"https:\/\/api.w.org\/{rel}","templated":true}]}}