{"id":293,"date":"2020-06-26T11:52:15","date_gmt":"2020-06-26T11:52:15","guid":{"rendered":"http:\/\/consto.themezinho.net\/?page_id=293"},"modified":"2022-01-17T09:02:28","modified_gmt":"2022-01-17T09:02:28","slug":"certificates","status":"publish","type":"page","link":"https:\/\/www.albavia.al\/sq\/certificates\/","title":{"rendered":"Certificates"},"content":{"rendered":"<p>[vc_row use_container=&#8221;yes&#8221;][vc_column][vc_row_inner][vc_column_inner][ts_section_title tagline=&#8221;CIL\u00cbSIA E KOMPANIS\u00cb&#8221; title=&#8221;Certifikatat tona t\u00eb Krenaris\u00eb&#8221;][\/vc_column_inner][\/vc_row_inner][vc_row_inner][vc_column_inner width=&#8221;1\/4&#8243; offset=&#8221;vc_col-md-3&#8243;][ts_certificate_box icon=&#8221;643&#8243; description=&#8221;<b>ISO 45001:2018<\/b><br \/>\nPublic Works &#8211; Construction and Maintenance of Roads, Highways and Works of Art, Dams, Operation of Quarries&#8221;][\/vc_column_inner][vc_column_inner width=&#8221;1\/4&#8243; offset=&#8221;vc_col-md-3&#8243;][ts_certificate_box icon=&#8221;640&#8243; description=&#8221;<b>ISO 45001:2018<\/b><br \/>\nOccupational Health and Safety Management System&#8221;][\/vc_column_inner][vc_column_inner width=&#8221;1\/4&#8243; offset=&#8221;vc_col-md-3&#8243;][ts_certificate_box description=&#8221;<b>ISO 45001:2015<\/b><br \/>\nPublic Works &#8211; Construction and Maintenance of Roads, Highways and Works of Art, Dams, Operation of Quarries&#8221; icon=&#8221;644&#8243;][\/vc_column_inner][vc_column_inner width=&#8221;1\/4&#8243; offset=&#8221;vc_col-md-3&#8243;][ts_certificate_box icon=&#8221;641&#8243; description=&#8221;<b>ISO 45001:2015<\/b><br \/>\nEnvironmental Management System&#8221;][\/vc_column_inner][\/vc_row_inner][vc_row_inner][vc_column_inner width=&#8221;1\/4&#8243; offset=&#8221;vc_col-md-3&#8243;][ts_certificate_box icon=&#8221;504&#8243; description=&#8221;<b>ISO\/IEC 27001:2013<\/b><br \/>\nInformation Security Management System Certificate&#8221;][\/vc_column_inner][vc_column_inner width=&#8221;1\/4&#8243; offset=&#8221;vc_col-md-3&#8243;][ts_certificate_box icon=&#8221;642&#8243; description=&#8221;<b>ISO 50001:2011<\/b><br \/>\nEnergy Management System&#8221;][\/vc_column_inner][vc_column_inner width=&#8221;1\/4&#8243; offset=&#8221;vc_col-md-3&#8243;][ts_certificate_box icon=&#8221;507&#8243; description=&#8221;<b>ISO 39001:2012<\/b><br \/>\nRoad Traffic Safety Management System&#8221;][\/vc_column_inner][vc_column_inner width=&#8221;1\/4&#8243; offset=&#8221;vc_col-md-3&#8243;][ts_certificate_box icon=&#8221;509&#8243; description=&#8221;<b>BS PAS 99:2012<\/b><br \/>\nIntegrated Management Registration&#8221;][\/vc_column_inner][\/vc_row_inner][vc_row_inner][vc_column_inner width=&#8221;1\/4&#8243; offset=&#8221;vc_col-md-3&#8243;][ts_certificate_box icon=&#8221;511&#8243; description=&#8221;<b>ISO 50001:2011<\/b><br \/>\nEnergy Management System&#8221;][\/vc_column_inner][vc_column_inner width=&#8221;1\/4&#8243; offset=&#8221;vc_col-md-3&#8243;][ts_certificate_box icon=&#8221;513&#8243; description=&#8221;<b>EN ISO 9001:2008<\/b><br \/>\nQuality Management System&#8221;][\/vc_column_inner][vc_column_inner width=&#8221;1\/4&#8243;][ts_certificate_box icon=&#8221;515&#8243; description=&#8221;<b>OHSAS 18001:2007<\/b><br \/>\nOccupational Health and Safety Management System&#8221;][\/vc_column_inner][vc_column_inner width=&#8221;1\/4&#8243;][ts_certificate_box icon=&#8221;516&#8243; description=&#8221;<b>ISO 14001:2004<\/b><br \/>\nEnvironmental Management System&#8221;][\/vc_column_inner][\/vc_row_inner][\/vc_column][\/vc_row]<\/p>\n","protected":false},"excerpt":{"rendered":"<p>[vc_row use_container=&#8221;yes&#8221;][vc_column][vc_row_inner][vc_column_inner][ts_section_title tagline=&#8221;CIL\u00cbSIA E KOMPANIS\u00cb&#8221; title=&#8221;Certifikatat tona t\u00eb Krenaris\u00eb&#8221;][\/vc_column_inner][\/vc_row_inner][vc_row_inner][vc_column_inner width=&#8221;1\/4&#8243; offset=&#8221;vc_col-md-3&#8243;][ts_certificate_box icon=&#8221;643&#8243; description=&#8221;ISO 45001:2018 Public Works &#8211; Construction and Maintenance of Roads, Highways and Works of Art, Dams, Operation of Quarries&#8221;][\/vc_column_inner][vc_column_inner width=&#8221;1\/4&#8243; offset=&#8221;vc_col-md-3&#8243;][ts_certificate_box icon=&#8221;640&#8243; description=&#8221;ISO 45001:2018 Occupational Health and Safety Management System&#8221;][\/vc_column_inner][vc_column_inner width=&#8221;1\/4&#8243; offset=&#8221;vc_col-md-3&#8243;][ts_certificate_box description=&#8221;ISO 45001:2015 Public Works &#8211; Construction and Maintenance of Roads, Highways [&hellip;]<\/p>\n","protected":false},"author":1,"featured_media":0,"parent":0,"menu_order":0,"comment_status":"closed","ping_status":"closed","template":"page-builder.php","meta":{"footnotes":""},"_links":{"self":[{"href":"https:\/\/www.albavia.al\/sq\/wp-json\/wp\/v2\/pages\/293"}],"collection":[{"href":"https:\/\/www.albavia.al\/sq\/wp-json\/wp\/v2\/pages"}],"about":[{"href":"https:\/\/www.albavia.al\/sq\/wp-json\/wp\/v2\/types\/page"}],"author":[{"embeddable":true,"href":"https:\/\/www.albavia.al\/sq\/wp-json\/wp\/v2\/users\/1"}],"replies":[{"embeddable":true,"href":"https:\/\/www.albavia.al\/sq\/wp-json\/wp\/v2\/comments?post=293"}],"version-history":[{"count":20,"href":"https:\/\/www.albavia.al\/sq\/wp-json\/wp\/v2\/pages\/293\/revisions"}],"predecessor-version":[{"id":865,"href":"https:\/\/www.albavia.al\/sq\/wp-json\/wp\/v2\/pages\/293\/revisions\/865"}],"wp:attachment":[{"href":"https:\/\/www.albavia.al\/sq\/wp-json\/wp\/v2\/media?parent=293"}],"curies":[{"name":"wp","href":"https:\/\/api.w.org\/{rel}","templated":true}]}}