{"id":229,"date":"2020-06-25T14:29:33","date_gmt":"2020-06-25T14:29:33","guid":{"rendered":"http:\/\/consto.themezinho.net\/?page_id=229"},"modified":"2022-02-09T08:44:27","modified_gmt":"2022-02-09T08:44:27","slug":"core-values","status":"publish","type":"page","link":"https:\/\/www.albavia.al\/sq\/core-values\/","title":{"rendered":"Core Values"},"content":{"rendered":"<p>[vc_row use_container=&#8221;yes&#8221;][vc_column][vc_row_inner][vc_column_inner offset=&#8221;vc_col-md-5&#8243;][ts_section_title align=&#8221;left&#8221; tagline=&#8221;B\u00cbNI NDRYSHIMIN&#8221; title=&#8221;Vlerat thelb\u00ebsore&#8221;][vc_column_text]Ne rip\u00ebrcaktojm\u00eb sh\u00ebrbimin e plot\u00eb dhe sjellim ekspertiz\u00eb n\u00eb t\u00eb gjitha llojet e projekteve, n\u00eb t\u00eb gjitha shkall\u00ebt dhe sipas t\u00eb gjitha modeleve t\u00eb prokurimit. Si ofrues zgjidhjesh inovative dhe specialist\u00eb nd\u00ebrtimi, ne shfryt\u00ebzojm\u00eb ekspertiz\u00ebn ton\u00eb p\u00ebr t\u00eb personalizuar qasjen e duhur p\u00ebr projektin tuaj.<\/p>\n<h2><strong>23<\/strong><\/h2>\n<p><strong>VITE EKSPERIENC\u00cb<\/strong>[\/vc_column_text][\/vc_column_inner][vc_column_inner offset=&#8221;vc_col-md-offset-2 vc_col-md-5 vc_col-sm-offset-0&#8243;][ts_custom_list details=&#8221;%5B%7B%22list%22%3A%22P%C3%ABrkushtim%20p%C3%ABr%20ekselenc%C3%ABn%22%7D%2C%7B%22list%22%3A%22Kultura%20e%20Siguris%C3%AB%22%7D%2C%7B%22list%22%3A%22Integriteti%20dhe%20Transparenca%22%7D%2C%7B%22list%22%3A%22Bashk%C3%ABpunimi%22%7D%5D&#8221;][\/vc_column_inner][\/vc_row_inner][\/vc_column][\/vc_row][vc_row motts_theme_padding=&#8221;no&#8221; css=&#8221;.vc_custom_1632257093372{margin-right: 0px !important;margin-bottom: 80px !important;margin-left: 0px !important;}&#8221;][vc_column width=&#8221;1\/2&#8243;][vc_row_inner content_placement=&#8221;middle&#8221;][vc_column_inner css=&#8221;.vc_custom_1592919692743{padding-right: 0px !important;padding-left: 0px !important;}&#8221;][ts_side_image image=&#8221;884&#8243; alt=&#8221;Image&#8221;][\/vc_column_inner][\/vc_row_inner][\/vc_column][vc_column width=&#8221;1\/2&#8243;][vc_row_inner][vc_column_inner][ts_side_content title=&#8221;Rreth Albavia&#8221; description=&#8221;Albavia nj\u00eb kompani nd\u00ebrtimi e themeluar n\u00eb Shqip\u00ebri n\u00eb 19 Mars 1998. N\u00eb marr\u00ebveshjen e bashk\u00ebpunimit nd\u00ebrmjet Partner\u00ebve Lokal dhe Kompanis\u00eb Franceze \u201cEUROVIA\u201d sh.a., nj\u00eb nga kompanit\u00eb lider europiane, pjes\u00eb e Grupit VINCI \u2013 FRANCE.<\/p>\n<p>Aktiviteti \u00ebsht\u00eb i shtrir\u00eb n\u00eb t\u00eb gjith\u00eb territorin e Shqip\u00ebris\u00eb, dhe q\u00eb nga viti 2010 e kemi shtrir\u00eb aktivitetin ton\u00eb edhe n\u00eb Rajon.&#8221;][\/vc_column_inner][\/vc_row_inner][vc_row_inner][vc_column_inner width=&#8221;1\/2&#8243;][vc_single_image image=&#8221;398&#8243; img_size=&#8221;full&#8221; alignment=&#8221;center&#8221;][vc_column_text]<strong>Shkelqim Rakipaj<\/strong><\/p>\n<p>Administrator[\/vc_column_text][\/vc_column_inner][vc_column_inner width=&#8221;1\/2&#8243;][vc_single_image image=&#8221;885&#8243; img_size=&#8221;full&#8221;][vc_column_text]<strong>Hasan Hafizi<\/strong><\/p>\n<p>Administrator[\/vc_column_text][\/vc_column_inner][\/vc_row_inner][\/vc_column][\/vc_row]<\/p>\n","protected":false},"excerpt":{"rendered":"<p>[vc_row use_container=&#8221;yes&#8221;][vc_column][vc_row_inner][vc_column_inner offset=&#8221;vc_col-md-5&#8243;][ts_section_title align=&#8221;left&#8221; tagline=&#8221;B\u00cbNI NDRYSHIMIN&#8221; title=&#8221;Vlerat thelb\u00ebsore&#8221;][vc_column_text]Ne rip\u00ebrcaktojm\u00eb sh\u00ebrbimin e plot\u00eb dhe sjellim ekspertiz\u00eb n\u00eb t\u00eb gjitha llojet e projekteve, n\u00eb t\u00eb gjitha shkall\u00ebt dhe sipas t\u00eb gjitha modeleve t\u00eb prokurimit. Si ofrues zgjidhjesh inovative dhe specialist\u00eb nd\u00ebrtimi, ne shfryt\u00ebzojm\u00eb ekspertiz\u00ebn ton\u00eb p\u00ebr t\u00eb personalizuar qasjen e duhur p\u00ebr projektin tuaj. 23 VITE EKSPERIENC\u00cb[\/vc_column_text][\/vc_column_inner][vc_column_inner [&hellip;]<\/p>\n","protected":false},"author":1,"featured_media":0,"parent":0,"menu_order":0,"comment_status":"closed","ping_status":"closed","template":"page-builder.php","meta":{"footnotes":""},"_links":{"self":[{"href":"https:\/\/www.albavia.al\/sq\/wp-json\/wp\/v2\/pages\/229"}],"collection":[{"href":"https:\/\/www.albavia.al\/sq\/wp-json\/wp\/v2\/pages"}],"about":[{"href":"https:\/\/www.albavia.al\/sq\/wp-json\/wp\/v2\/types\/page"}],"author":[{"embeddable":true,"href":"https:\/\/www.albavia.al\/sq\/wp-json\/wp\/v2\/users\/1"}],"replies":[{"embeddable":true,"href":"https:\/\/www.albavia.al\/sq\/wp-json\/wp\/v2\/comments?post=229"}],"version-history":[{"count":17,"href":"https:\/\/www.albavia.al\/sq\/wp-json\/wp\/v2\/pages\/229\/revisions"}],"predecessor-version":[{"id":887,"href":"https:\/\/www.albavia.al\/sq\/wp-json\/wp\/v2\/pages\/229\/revisions\/887"}],"wp:attachment":[{"href":"https:\/\/www.albavia.al\/sq\/wp-json\/wp\/v2\/media?parent=229"}],"curies":[{"name":"wp","href":"https:\/\/api.w.org\/{rel}","templated":true}]}}