{"id":195,"date":"2020-06-25T11:27:03","date_gmt":"2020-06-25T11:27:03","guid":{"rendered":"http:\/\/consto.themezinho.net\/?page_id=195"},"modified":"2022-01-17T08:46:56","modified_gmt":"2022-01-17T08:46:56","slug":"about-company","status":"publish","type":"page","link":"https:\/\/www.albavia.al\/sq\/about-company\/","title":{"rendered":"About Company"},"content":{"rendered":"<p>[vc_row motts_theme_padding=&#8221;no&#8221; use_container=&#8221;yes&#8221; css=&#8221;.vc_custom_1593092501087{margin-top: 80px !important;}&#8221;][vc_column][vc_row_inner][vc_column_inner][ts_section_title align=&#8221;left&#8221; tagline=&#8221;HISTORIA JON\u00cb&#8221; title=&#8221;Kompania e Nd\u00ebrtimit Albavia<br \/>\nThemeluar n\u00eb vitin 1998&#8243;][\/vc_column_inner][\/vc_row_inner][vc_row_inner][vc_column_inner offset=&#8221;vc_col-md-7&#8243;][ts_image_box image=&#8221;582&#8243; title=&#8221;Image&#8221;][\/vc_column_inner][vc_column_inner offset=&#8221;vc_col-md-5&#8243;][ts_image_box image=&#8221;686&#8243; title=&#8221;Image&#8221;][\/vc_column_inner][\/vc_row_inner][vc_row_inner css=&#8221;.vc_custom_1593092340459{margin-top: 30px !important;}&#8221;][vc_column_inner offset=&#8221;vc_col-md-7&#8243;][vc_column_text]<span style=\"text-decoration: underline;\">Albavia<\/span> nj\u00eb kompani nd\u00ebrtimi e themeluar n\u00eb Shqip\u00ebri n\u00eb 19 Mars 1998.\u00a0N\u00eb marr\u00ebveshjen e bashk\u00ebpunimit nd\u00ebrmjet Local Partners dhe Kompanis\u00eb Franceze &#8220;EUROVIA&#8221; SHA, nj\u00eb nga kompanit\u00eb lider evropiane, pjes\u00eb e Grupit VINCI &#8211; FRANCE. Q\u00eb nga viti 2007 Shoq\u00ebria \u00ebsht\u00eb t\u00ebr\u00ebsisht kapital shqiptar me nj\u00eb vler\u00eb origjinale prej 135,300,000 lek\u00eb.<\/p>\n<p><span style=\"text-decoration: underline;\">Albavia<\/span> operon n\u00eb sektorin e nd\u00ebrtimit, fal\u00eb eksperienc\u00ebs dhe nj\u00eb stafi profesional ka b\u00ebr\u00eb t\u00eb mundur q\u00eb t\u00eb dallohet n\u00eb treg dhe t\u00eb jet\u00eb nj\u00eb nga kompanit\u00eb m\u00eb t\u00eb r\u00ebnd\u00ebsishme n\u00eb tregun vendas. Kjo ka b\u00ebr\u00eb t\u00eb mundur q\u00eb t\u00eb na besohen projekte t\u00eb nj\u00eb r\u00ebnd\u00ebsie t\u00eb ve\u00e7ant\u00eb.<\/p>\n<p>Aktiviteti \u00ebsht\u00eb i shtrir\u00eb n\u00eb t\u00eb gjith\u00eb territorin e Shqip\u00ebris\u00eb, dhe q\u00eb nga viti 2010 e kemi shtrir\u00eb aktivitetin ton\u00eb edhe n\u00eb Republik\u00ebn e Kosov\u00ebs. Duke zbatuar me rigorozitet politikat e brendshme t\u00eb kompanis\u00eb, k\u00ebrkesat teknike profesionale, Albavia ka zgjeruar gam\u00ebn e aktiviteteve t\u00eb saj duke paraqitur nj\u00eb s\u00ebr\u00eb punimesh cil\u00ebsore dhe n\u00eb koh\u00eb, duke krijuar n\u00eb t\u00eb nj\u00ebjt\u00ebn koh\u00eb nj\u00eb atmosfer\u00eb respekti reciprok dhe partneriteti me kompani t\u00eb tjera.[\/vc_column_text][\/vc_column_inner][vc_column_inner offset=&#8221;vc_col-md-5&#8243;][vc_column_text]Albavia synon zhvillimin dhe ruajtjen e standardeve n\u00eb fush\u00ebn e nd\u00ebrtimit. An\u00ebtar i Shoqat\u00ebs s\u00eb Nd\u00ebrtuesve Shqiptar\u00eb q\u00eb nga krijimi i saj. Kompania \u00ebsht\u00eb e licencuar dhe certifikuar sipas standardeve <span style=\"text-decoration: underline;\">ISO 9001: 2008<\/span>, <span style=\"text-decoration: underline;\">ISO 18001: 2007<\/span>,<span style=\"text-decoration: underline;\"> ISO 14001: 2004<\/span>, <span style=\"text-decoration: underline;\">ISO 39001: 2012<\/span>, <span style=\"text-decoration: underline;\">PAS 99: 2012<\/span>.[\/vc_column_text][\/vc_column_inner][\/vc_row_inner][\/vc_column][\/vc_row][vc_row use_container=&#8221;yes&#8221;][vc_column width=&#8221;1\/2&#8243; offset=&#8221;vc_col-md-3&#8243;][ts_counter_box tagline=&#8221;2234&#8243; title=&#8221;Punonj\u00ebs&#8221; value=&#8221;200&#8243; symbol=&#8221;+&#8221; description=&#8221;Ekipi yn\u00eb \u00ebsht\u00eb themeli i suksesit ton\u00eb.&#8221;][\/vc_column][vc_column width=&#8221;1\/2&#8243; offset=&#8221;vc_col-md-3&#8243;][ts_counter_box tagline=&#8221;2234&#8243; title=&#8221;Projektet t\u00eb P\u00ebrfunduara&#8221; value=&#8221;70&#8243; symbol=&#8221;+&#8221; description=&#8221;Ne kemi p\u00ebrfunduar \u00e7do projekt me cil\u00ebsi dhe n\u00eb koh\u00eb&#8221;][\/vc_column][vc_column width=&#8221;1\/2&#8243; offset=&#8221;vc_col-md-3&#8243;][ts_counter_box tagline=&#8221;2234&#8243; title=&#8221;Vite Eksperienc\u00eb&#8221; value=&#8221;23&#8243; description=&#8221;P\u00ebrvoja jon\u00eb n\u00eb fush\u00ebn e nd\u00ebrtimit na ka dalluar nga konkurrent\u00ebt e tjer\u00eb&#8221;][\/vc_column][vc_column width=&#8221;1\/2&#8243; offset=&#8221;vc_col-md-3&#8243;][ts_counter_box tagline=&#8221;2234&#8243; title=&#8221;Makineri Nd\u00ebrtimi&#8221; value=&#8221;150&#8243; symbol=&#8221;+&#8221; description=&#8221;Nj\u00eb gam\u00eb e gjer\u00eb makinerish q\u00eb mbulojn\u00eb \u00e7do proces n\u00eb fush\u00ebn e nd\u00ebrtimit&#8221;][\/vc_column][\/vc_row][vc_row motts_theme_padding=&#8221;no&#8221; use_container=&#8221;yes&#8221; use_predefined_class=&#8221;yes&#8221; predefined_class=&#8221;white-space-top&#8221; section_background_image=&#8221;227&#8243;][vc_column][vc_row_inner][vc_column_inner offset=&#8221;vc_col-md-8&#8243;][ts_cta_yellow_box title=&#8221;Gj\u00ebja e par\u00eb q\u00eb nd\u00ebrtojm\u00eb jan\u00eb marr\u00ebdh\u00ebniet&#8221; text_content=&#8221;Keni nj\u00eb projekt p\u00ebr t\u00eb zhvilluar dhe keni nevoj\u00eb p\u00ebr k\u00ebshillat e ekspert\u00ebve t\u00eb fush\u00ebs? N\u00eb Albavia kemi ekspert\u00ebt m\u00eb t\u00eb mir\u00eb me p\u00ebrvoj\u00eb t\u00eb gjer\u00eb n\u00eb fush\u00ebn e nd\u00ebrtimit t\u00eb cil\u00ebt do t&#8217;ju asistojn\u00eb me k\u00ebrkes\u00ebn tuaj.&#8221; button_label=&#8221;KONTAKTONI&#8221; button_url=&#8221;\/website\/albavia\/contact\/&#8221;][\/vc_column_inner][\/vc_row_inner][\/vc_column][\/vc_row]<\/p>\n","protected":false},"excerpt":{"rendered":"<p>[vc_row motts_theme_padding=&#8221;no&#8221; use_container=&#8221;yes&#8221; css=&#8221;.vc_custom_1593092501087{margin-top: 80px !important;}&#8221;][vc_column][vc_row_inner][vc_column_inner][ts_section_title align=&#8221;left&#8221; tagline=&#8221;HISTORIA JON\u00cb&#8221; title=&#8221;Kompania e Nd\u00ebrtimit Albavia Themeluar n\u00eb vitin 1998&#8243;][\/vc_column_inner][\/vc_row_inner][vc_row_inner][vc_column_inner offset=&#8221;vc_col-md-7&#8243;][ts_image_box image=&#8221;582&#8243; title=&#8221;Image&#8221;][\/vc_column_inner][vc_column_inner offset=&#8221;vc_col-md-5&#8243;][ts_image_box image=&#8221;686&#8243; title=&#8221;Image&#8221;][\/vc_column_inner][\/vc_row_inner][vc_row_inner css=&#8221;.vc_custom_1593092340459{margin-top: 30px !important;}&#8221;][vc_column_inner offset=&#8221;vc_col-md-7&#8243;][vc_column_text]Albavia nj\u00eb kompani nd\u00ebrtimi e themeluar n\u00eb Shqip\u00ebri n\u00eb 19 Mars 1998.\u00a0N\u00eb marr\u00ebveshjen e bashk\u00ebpunimit nd\u00ebrmjet Local Partners dhe Kompanis\u00eb Franceze &#8220;EUROVIA&#8221; SHA, nj\u00eb nga kompanit\u00eb lider evropiane, pjes\u00eb [&hellip;]<\/p>\n","protected":false},"author":1,"featured_media":0,"parent":0,"menu_order":0,"comment_status":"closed","ping_status":"closed","template":"page-builder.php","meta":{"footnotes":""},"_links":{"self":[{"href":"https:\/\/www.albavia.al\/sq\/wp-json\/wp\/v2\/pages\/195"}],"collection":[{"href":"https:\/\/www.albavia.al\/sq\/wp-json\/wp\/v2\/pages"}],"about":[{"href":"https:\/\/www.albavia.al\/sq\/wp-json\/wp\/v2\/types\/page"}],"author":[{"embeddable":true,"href":"https:\/\/www.albavia.al\/sq\/wp-json\/wp\/v2\/users\/1"}],"replies":[{"embeddable":true,"href":"https:\/\/www.albavia.al\/sq\/wp-json\/wp\/v2\/comments?post=195"}],"version-history":[{"count":21,"href":"https:\/\/www.albavia.al\/sq\/wp-json\/wp\/v2\/pages\/195\/revisions"}],"predecessor-version":[{"id":858,"href":"https:\/\/www.albavia.al\/sq\/wp-json\/wp\/v2\/pages\/195\/revisions\/858"}],"wp:attachment":[{"href":"https:\/\/www.albavia.al\/sq\/wp-json\/wp\/v2\/media?parent=195"}],"curies":[{"name":"wp","href":"https:\/\/api.w.org\/{rel}","templated":true}]}}