{"id":151,"date":"2020-06-24T20:56:06","date_gmt":"2020-06-24T20:56:06","guid":{"rendered":"http:\/\/consto.themezinho.net\/?page_id=151"},"modified":"2022-02-09T08:05:46","modified_gmt":"2022-02-09T08:05:46","slug":"services","status":"publish","type":"page","link":"https:\/\/www.albavia.al\/sq\/services\/","title":{"rendered":"Services"},"content":{"rendered":"<p>[vc_row section_background_color=&#8221;#f7f6f1&#8243; use_container=&#8221;yes&#8221; use_predefined_class=&#8221;yes&#8221; predefined_class=&#8221;white-space-bottom&#8221;][vc_column][vc_row_inner][vc_column_inner css=&#8221;.vc_custom_1593083311818{padding-right: 0px !important;padding-left: 0px !important;}&#8221;][ts_section_title align=&#8221;left&#8221; title=&#8221;Ajo q\u00eb ne mbulojm\u00eb&#8221; tagline=&#8221;Ekspertiza jon\u00eb&#8221;][\/vc_column_inner][\/vc_row_inner][vc_row_inner][vc_column_inner offset=&#8221;vc_col-md-4&#8243;][ts_step_box image=&#8221;875&#8243; number=&#8221;01.&#8221; icon=&#8221;425&#8243; title=&#8221;Infrastruktur\u00eb&#8221;][\/vc_column_inner][vc_column_inner offset=&#8221;vc_col-md-4&#8243;][ts_step_box image=&#8221;876&#8243; number=&#8221;02.&#8221; title=&#8221;Nd\u00ebrtime Civile&#8221; icon=&#8221;420&#8243;][\/vc_column_inner][vc_column_inner offset=&#8221;vc_col-md-4&#8243;][ts_step_box image=&#8221;877&#8243; number=&#8221;03.&#8221; icon=&#8221;423&#8243; title=&#8221;Uj\u00ebsjell\u00ebs&#8221;][\/vc_column_inner][\/vc_row_inner][vc_empty_space height=&#8221;100px&#8221;][vc_row_inner][vc_column_inner offset=&#8221;vc_col-md-4&#8243;][ts_step_box image=&#8221;878&#8243; number=&#8221;04.&#8221; icon=&#8221;423&#8243; title=&#8221;Hidro Energji&#8221;][\/vc_column_inner][vc_column_inner offset=&#8221;vc_col-md-4&#8243;][ts_step_box image=&#8221;879&#8243; number=&#8221;05.&#8221; icon=&#8221;426&#8243; title=&#8221;Fabrik\u00eb Asfalti&#8221;][\/vc_column_inner][vc_column_inner offset=&#8221;vc_col-md-4&#8243;][ts_step_box image=&#8221;880&#8243; number=&#8221;06.&#8221; icon=&#8221;426&#8243; title=&#8221;Fabrik\u00eb Betoni&#8221;][\/vc_column_inner][\/vc_row_inner][vc_empty_space height=&#8221;100px&#8221;][vc_row_inner][vc_column_inner offset=&#8221;vc_col-md-4&#8243;][ts_step_box image=&#8221;881&#8243; number=&#8221;07.&#8221; icon=&#8221;426&#8243; title=&#8221;Fabrik\u00eb Emulsionit Bituminoz&#8221;][\/vc_column_inner][vc_column_inner offset=&#8221;vc_col-md-4&#8243;][ts_step_box image=&#8221;723&#8243; number=&#8221;08.&#8221; icon=&#8221;426&#8243; title=&#8221;Gurore&#8221;][\/vc_column_inner][\/vc_row_inner][vc_empty_space height=&#8221;50px&#8221;][\/vc_column][\/vc_row][vc_row motts_theme_padding=&#8221;no&#8221; use_container=&#8221;yes&#8221;][vc_column width=&#8221;2\/3&#8243;][ts_cta_yellow_box title=&#8221;Gj\u00ebja e par\u00eb q\u00eb nd\u00ebrtojm\u00eb jan\u00eb marr\u00ebdh\u00ebniet&#8221; text_content=&#8221;Keni nj\u00eb projekt p\u00ebr t\u00eb zhvilluar dhe keni nevoj\u00eb p\u00ebr k\u00ebshillat e ekspert\u00ebve t\u00eb fush\u00ebs? N\u00eb Albavia kemi ekspert\u00ebt m\u00eb t\u00eb mir\u00eb me p\u00ebrvoj\u00eb t\u00eb gjer\u00eb n\u00eb fush\u00ebn e nd\u00ebrtimit t\u00eb cil\u00ebt do t&#8217;ju asistojn\u00eb me k\u00ebrkes\u00ebn tuaj.&#8221; button_label=&#8221;KONTAKTONI&#8221; button_url=&#8221;\/website\/albavia\/contact\/&#8221;][\/vc_column][vc_column width=&#8221;1\/3&#8243;][\/vc_column][\/vc_row]<\/p>\n","protected":false},"excerpt":{"rendered":"<p>[vc_row section_background_color=&#8221;#f7f6f1&#8243; use_container=&#8221;yes&#8221; use_predefined_class=&#8221;yes&#8221; predefined_class=&#8221;white-space-bottom&#8221;][vc_column][vc_row_inner][vc_column_inner css=&#8221;.vc_custom_1593083311818{padding-right: 0px !important;padding-left: 0px !important;}&#8221;][ts_section_title align=&#8221;left&#8221; title=&#8221;Ajo q\u00eb ne mbulojm\u00eb&#8221; tagline=&#8221;Ekspertiza jon\u00eb&#8221;][\/vc_column_inner][\/vc_row_inner][vc_row_inner][vc_column_inner offset=&#8221;vc_col-md-4&#8243;][ts_step_box image=&#8221;875&#8243; number=&#8221;01.&#8221; icon=&#8221;425&#8243; title=&#8221;Infrastruktur\u00eb&#8221;][\/vc_column_inner][vc_column_inner offset=&#8221;vc_col-md-4&#8243;][ts_step_box image=&#8221;876&#8243; number=&#8221;02.&#8221; title=&#8221;Nd\u00ebrtime Civile&#8221; icon=&#8221;420&#8243;][\/vc_column_inner][vc_column_inner offset=&#8221;vc_col-md-4&#8243;][ts_step_box image=&#8221;877&#8243; number=&#8221;03.&#8221; icon=&#8221;423&#8243; title=&#8221;Uj\u00ebsjell\u00ebs&#8221;][\/vc_column_inner][\/vc_row_inner][vc_empty_space height=&#8221;100px&#8221;][vc_row_inner][vc_column_inner offset=&#8221;vc_col-md-4&#8243;][ts_step_box image=&#8221;878&#8243; number=&#8221;04.&#8221; icon=&#8221;423&#8243; title=&#8221;Hidro Energji&#8221;][\/vc_column_inner][vc_column_inner offset=&#8221;vc_col-md-4&#8243;][ts_step_box image=&#8221;879&#8243; number=&#8221;05.&#8221; icon=&#8221;426&#8243; title=&#8221;Fabrik\u00eb Asfalti&#8221;][\/vc_column_inner][vc_column_inner offset=&#8221;vc_col-md-4&#8243;][ts_step_box image=&#8221;880&#8243; number=&#8221;06.&#8221; icon=&#8221;426&#8243; title=&#8221;Fabrik\u00eb Betoni&#8221;][\/vc_column_inner][\/vc_row_inner][vc_empty_space height=&#8221;100px&#8221;][vc_row_inner][vc_column_inner offset=&#8221;vc_col-md-4&#8243;][ts_step_box image=&#8221;881&#8243; [&hellip;]<\/p>\n","protected":false},"author":1,"featured_media":0,"parent":0,"menu_order":0,"comment_status":"closed","ping_status":"closed","template":"page-builder.php","meta":{"footnotes":""},"_links":{"self":[{"href":"https:\/\/www.albavia.al\/sq\/wp-json\/wp\/v2\/pages\/151"}],"collection":[{"href":"https:\/\/www.albavia.al\/sq\/wp-json\/wp\/v2\/pages"}],"about":[{"href":"https:\/\/www.albavia.al\/sq\/wp-json\/wp\/v2\/types\/page"}],"author":[{"embeddable":true,"href":"https:\/\/www.albavia.al\/sq\/wp-json\/wp\/v2\/users\/1"}],"replies":[{"embeddable":true,"href":"https:\/\/www.albavia.al\/sq\/wp-json\/wp\/v2\/comments?post=151"}],"version-history":[{"count":60,"href":"https:\/\/www.albavia.al\/sq\/wp-json\/wp\/v2\/pages\/151\/revisions"}],"predecessor-version":[{"id":882,"href":"https:\/\/www.albavia.al\/sq\/wp-json\/wp\/v2\/pages\/151\/revisions\/882"}],"wp:attachment":[{"href":"https:\/\/www.albavia.al\/sq\/wp-json\/wp\/v2\/media?parent=151"}],"curies":[{"name":"wp","href":"https:\/\/api.w.org\/{rel}","templated":true}]}}