{"id":136,"date":"2020-06-24T20:42:01","date_gmt":"2020-06-24T20:42:01","guid":{"rendered":"http:\/\/consto.themezinho.net\/?page_id=136"},"modified":"2022-01-17T00:51:51","modified_gmt":"2022-01-17T00:51:51","slug":"contact","status":"publish","type":"page","link":"https:\/\/www.albavia.al\/sq\/contact\/","title":{"rendered":"Contact"},"content":{"rendered":"<p>[vc_row use_container=&#8221;yes&#8221;][vc_column width=&#8221;1\/2&#8243; offset=&#8221;vc_col-md-4&#8243;][ts_contact_box icon=&#8221;527&#8243; title=&#8221;Zyrat Q\u00ebndrore&#8221; description=&#8221;Rruga \u201cSulejman Delvina&#8220;<br \/>\nTirane , Pallati \u201cFati\u201d, Ap.19&#8243;][\/vc_column][vc_column width=&#8221;1\/2&#8243; offset=&#8221;vc_col-md-4&#8243;][ts_contact_box icon=&#8221;529&#8243; title=&#8221;Kontakt&#8221; description=&#8221;Tel: +355 (0) 4257767<br \/>\nFax: +355 (0) 42262207&#8243;][\/vc_column][vc_column width=&#8221;1\/2&#8243; offset=&#8221;vc_col-md-4&#8243;][ts_contact_box icon=&#8221;530&#8243; title=&#8221;Na Shkruani&#8221; description=&#8221;info@albavia.al<br \/>\np\u00ebr t\u00eb gjitha pyetjet&#8221;][\/vc_column][\/vc_row][vc_row motts_theme_padding=&#8221;no&#8221; use_container=&#8221;yes&#8221;][vc_column][vc_row_inner][vc_column_inner offset=&#8221;vc_col-md-6&#8243; css=&#8221;.vc_custom_1632205886338{background-color: rgba(0,0,0,0.01) !important;*background-color: rgb(0,0,0) !important;}&#8221;][ts_section_title align=&#8221;left&#8221; tagline=&#8221;NA KONTAKTONI&#8221; title=&#8221;Nj\u00eb nga ekspert\u00ebt e fush\u00ebs do ju p\u00ebrgjigjet sa m\u00eb par\u00eb&#8221;][\/vc_column_inner][vc_column_inner offset=&#8221;vc_col-md-6&#8243;]\n<div class=\"wpcf7 no-js\" id=\"wpcf7-f6-o1\" lang=\"en-US\" dir=\"ltr\">\n<div class=\"screen-reader-response\"><p role=\"status\" aria-live=\"polite\" aria-atomic=\"true\"><\/p> <ul><\/ul><\/div>\n<form action=\"\/sq\/wp-json\/wp\/v2\/pages\/136#wpcf7-f6-o1\" method=\"post\" class=\"wpcf7-form init\" aria-label=\"Contact form\" novalidate=\"novalidate\" data-status=\"init\">\n<div style=\"display: none;\">\n<input type=\"hidden\" name=\"_wpcf7\" value=\"6\" \/>\n<input type=\"hidden\" name=\"_wpcf7_version\" value=\"5.8.1\" \/>\n<input type=\"hidden\" name=\"_wpcf7_locale\" value=\"en_US\" \/>\n<input type=\"hidden\" name=\"_wpcf7_unit_tag\" value=\"wpcf7-f6-o1\" \/>\n<input type=\"hidden\" name=\"_wpcf7_container_post\" value=\"0\" \/>\n<input type=\"hidden\" name=\"_wpcf7_posted_data_hash\" value=\"\" \/>\n<\/div>\n<p><label> Your name<br \/>\n<span class=\"wpcf7-form-control-wrap\" data-name=\"your-name\"><input size=\"40\" class=\"wpcf7-form-control wpcf7-text wpcf7-validates-as-required\" aria-required=\"true\" aria-invalid=\"false\" value=\"\" type=\"text\" name=\"your-name\" \/><\/span> <\/label>\n<\/p>\n<p><label> Your email<br \/>\n<span class=\"wpcf7-form-control-wrap\" data-name=\"your-email\"><input size=\"40\" class=\"wpcf7-form-control wpcf7-email wpcf7-validates-as-required wpcf7-text wpcf7-validates-as-email\" aria-required=\"true\" aria-invalid=\"false\" value=\"\" type=\"email\" name=\"your-email\" \/><\/span> <\/label>\n<\/p>\n<p><label> Subject<br \/>\n<span class=\"wpcf7-form-control-wrap\" data-name=\"your-subject\"><input size=\"40\" class=\"wpcf7-form-control wpcf7-text wpcf7-validates-as-required\" aria-required=\"true\" aria-invalid=\"false\" value=\"\" type=\"text\" name=\"your-subject\" \/><\/span> <\/label>\n<\/p>\n<p><label> Your message (optional)<br \/>\n<span class=\"wpcf7-form-control-wrap\" data-name=\"your-message\"><textarea cols=\"40\" rows=\"10\" class=\"wpcf7-form-control wpcf7-textarea\" aria-invalid=\"false\" name=\"your-message\"><\/textarea><\/span> <\/label>\n<\/p>\n<p><input class=\"wpcf7-form-control wpcf7-submit has-spinner\" type=\"submit\" value=\"Submit\" \/>\n<\/p><div class=\"wpcf7-response-output\" aria-hidden=\"true\"><\/div>\n<\/form>\n<\/div>\n[\/vc_column_inner][\/vc_row_inner][\/vc_column][\/vc_row][vc_row content_placement=&#8221;top&#8221; motts_theme_padding=&#8221;no&#8221; css=&#8221;.vc_custom_1632207566372{margin-right: 0px !important;margin-left: 0px !important;}&#8221;][vc_column css=&#8221;.vc_custom_1593182414164{padding-right: 0px !important;padding-left: 0px !important;}&#8221;][ts_google_maps iframe_url=&#8221;https:\/\/www.google.com\/maps\/embed?pb=!1m18!1m12!1m3!1d749.1409730056826!2d19.813424229202568!3d41.31835000594491!2m3!1f0!2f0!3f0!3m2!1i1024!2i768!4f13.1!3m3!1m2!1s0x135030fdf1cf8609%3A0xaaffd6fb30d78879!2sRruga%20Sulejman%20Delvina%208-5%2C%20Tirana%2C%20Albania!5e0!3m2!1sen!2s!4v1632202705583!5m2!1sen!2s&#8221; map_height=&#8221;520&#8243;][\/vc_column][\/vc_row]<\/p>\n","protected":false},"excerpt":{"rendered":"<p>[vc_row use_container=&#8221;yes&#8221;][vc_column width=&#8221;1\/2&#8243; offset=&#8221;vc_col-md-4&#8243;][ts_contact_box icon=&#8221;527&#8243; title=&#8221;Zyrat Q\u00ebndrore&#8221; description=&#8221;Rruga \u201cSulejman Delvina&#8220; Tirane , Pallati \u201cFati\u201d, Ap.19&#8243;][\/vc_column][vc_column width=&#8221;1\/2&#8243; offset=&#8221;vc_col-md-4&#8243;][ts_contact_box icon=&#8221;529&#8243; title=&#8221;Kontakt&#8221; description=&#8221;Tel: +355 (0) 4257767 Fax: +355 (0) 42262207&#8243;][\/vc_column][vc_column width=&#8221;1\/2&#8243; offset=&#8221;vc_col-md-4&#8243;][ts_contact_box icon=&#8221;530&#8243; title=&#8221;Na Shkruani&#8221; description=&#8221;info@albavia.al p\u00ebr t\u00eb gjitha pyetjet&#8221;][\/vc_column][\/vc_row][vc_row motts_theme_padding=&#8221;no&#8221; use_container=&#8221;yes&#8221;][vc_column][vc_row_inner][vc_column_inner offset=&#8221;vc_col-md-6&#8243; css=&#8221;.vc_custom_1632205886338{background-color: rgba(0,0,0,0.01) !important;*background-color: rgb(0,0,0) !important;}&#8221;][ts_section_title align=&#8221;left&#8221; tagline=&#8221;NA KONTAKTONI&#8221; title=&#8221;Nj\u00eb nga ekspert\u00ebt e fush\u00ebs do ju [&hellip;]<\/p>\n","protected":false},"author":1,"featured_media":0,"parent":0,"menu_order":0,"comment_status":"closed","ping_status":"closed","template":"page-builder.php","meta":{"footnotes":""},"_links":{"self":[{"href":"https:\/\/www.albavia.al\/sq\/wp-json\/wp\/v2\/pages\/136"}],"collection":[{"href":"https:\/\/www.albavia.al\/sq\/wp-json\/wp\/v2\/pages"}],"about":[{"href":"https:\/\/www.albavia.al\/sq\/wp-json\/wp\/v2\/types\/page"}],"author":[{"embeddable":true,"href":"https:\/\/www.albavia.al\/sq\/wp-json\/wp\/v2\/users\/1"}],"replies":[{"embeddable":true,"href":"https:\/\/www.albavia.al\/sq\/wp-json\/wp\/v2\/comments?post=136"}],"version-history":[{"count":16,"href":"https:\/\/www.albavia.al\/sq\/wp-json\/wp\/v2\/pages\/136\/revisions"}],"predecessor-version":[{"id":852,"href":"https:\/\/www.albavia.al\/sq\/wp-json\/wp\/v2\/pages\/136\/revisions\/852"}],"wp:attachment":[{"href":"https:\/\/www.albavia.al\/sq\/wp-json\/wp\/v2\/media?parent=136"}],"curies":[{"name":"wp","href":"https:\/\/api.w.org\/{rel}","templated":true}]}}